{"id":670,"date":"2016-01-07T13:53:11","date_gmt":"2016-01-07T12:53:11","guid":{"rendered":"http:\/\/www.nombiro.si\/?page_id=670"},"modified":"2025-08-21T13:09:30","modified_gmt":"2025-08-21T11:09:30","slug":"references","status":"publish","type":"page","link":"https:\/\/www.nombiro.si\/en\/references\/","title":{"rendered":"Reference Projects"},"content":{"rendered":"<p>[et_pb_section fb_built=&#8221;1&#8243; fullwidth=&#8221;on&#8221; admin_label=&#8221;section&#8221; _builder_version=&#8221;4.16&#8243; background_color=&#8221;#333333&#8243; transparent_background=&#8221;off&#8221; global_colors_info=&#8221;{}&#8221;][et_pb_fullwidth_header title=&#8221;Reference Projects&#8221; subhead=&#8221;In the 23 years of our operation we have collected a large number of successfully completed projects. Selection of the most interesting we present in words and pictures. &#8221; text_orientation=&#8221;center&#8221; content_max_width=&#8221;none&#8221; admin_label=&#8221;Referen\u010dni projekti&#8221; _builder_version=&#8221;4.27.4&#8243; background_color=&#8221;rgba(255, 255, 255, 0)&#8221; global_colors_info=&#8221;{}&#8221; button_one_text_size__hover_enabled=&#8221;off&#8221; button_two_text_size__hover_enabled=&#8221;off&#8221; button_one_text_color__hover_enabled=&#8221;off&#8221; button_two_text_color__hover_enabled=&#8221;off&#8221; button_one_border_width__hover_enabled=&#8221;off&#8221; button_two_border_width__hover_enabled=&#8221;off&#8221; button_one_border_color__hover_enabled=&#8221;off&#8221; button_two_border_color__hover_enabled=&#8221;off&#8221; button_one_border_radius__hover_enabled=&#8221;off&#8221; button_two_border_radius__hover_enabled=&#8221;off&#8221; button_one_letter_spacing__hover_enabled=&#8221;off&#8221; button_two_letter_spacing__hover_enabled=&#8221;off&#8221; button_one_bg_color__hover_enabled=&#8221;off&#8221; button_two_bg_color__hover_enabled=&#8221;off&#8221;] [\/et_pb_fullwidth_header][\/et_pb_section][et_pb_section fb_built=&#8221;1&#8243; _builder_version=&#8221;4.16&#8243; _module_preset=&#8221;default&#8221; global_colors_info=&#8221;{}&#8221;][et_pb_row use_custom_gutter=&#8221;on&#8221; gutter_width=&#8221;2&#8243; _builder_version=&#8221;4.16&#8243; _module_preset=&#8221;default&#8221; global_colors_info=&#8221;{}&#8221;][et_pb_column type=&#8221;4_4&#8243; _builder_version=&#8221;4.16&#8243; _module_preset=&#8221;default&#8221; global_colors_info=&#8221;{}&#8221;][et_pb_filterable_portfolio fullwidth=&#8221;off&#8221; posts_number=&#8221;12&#8243; include_categories=&#8221;43,38,40,39,41,37,44&#8243; _builder_version=&#8221;4.27.4&#8243; _module_preset=&#8221;default&#8221; title_level=&#8221;h5&#8243; title_font=&#8221;|700|||||||&#8221; caption_font=&#8221;||||||||&#8221; hover_enabled=&#8221;0&#8243; global_colors_info=&#8221;{}&#8221; sticky_enabled=&#8221;0&#8243;][\/et_pb_filterable_portfolio][\/et_pb_column][\/et_pb_row][\/et_pb_section][et_pb_section fb_built=&#8221;1&#8243; admin_label=&#8221;section&#8221; _builder_version=&#8221;4.16&#8243; background_color=&#8221;#eeeeee&#8221; global_colors_info=&#8221;{}&#8221;][et_pb_row column_structure=&#8221;1_3,1_3,1_3&#8243; admin_label=&#8221;row&#8221; _builder_version=&#8221;4.16&#8243; background_size=&#8221;initial&#8221; background_position=&#8221;top_left&#8221; background_repeat=&#8221;repeat&#8221; global_colors_info=&#8221;{}&#8221;][et_pb_column type=&#8221;1_3&#8243; _builder_version=&#8221;4.16&#8243; custom_padding=&#8221;|||&#8221; global_colors_info=&#8221;{}&#8221; custom_padding__hover=&#8221;|||&#8221;][et_pb_text admin_label=&#8221;Kulturno izobra\u017eevalni objekti&#8221; _builder_version=&#8221;4.16&#8243; background_size=&#8221;initial&#8221; background_position=&#8221;top_left&#8221; background_repeat=&#8221;repeat&#8221; use_border_color=&#8221;off&#8221; border_color=&#8221;#ffffff&#8221; border_style=&#8221;solid&#8221; global_colors_info=&#8221;{}&#8221;]<\/p>\n<h3>Cultural and Educational Facilities<\/h3>\n<ul>\n<li>Kindergarten \u0160entjernej 2<\/li>\n<li>Kindergarten \u0160entjernej 1<\/li>\n<li>Kindergarten Brestanica<\/li>\n<li>National University Library II Ljubljana <a href=\"http:\/\/www.bevkperovic.com\/?id=1,0,98\" target=\"_blank\" rel=\"noopener noreferrer\"><img loading=\"lazy\" decoding=\"async\" src=\"https:\/\/www.nombiro.si\/wp-content\/uploads\/nombiro_outlink_icon-1.png\" width=\"14\" height=\"14\" alt=\"Link\"><\/a><\/li>\n<li>Kindergarten and music school Kobarid<\/li>\n<li>Kindregarten Bre\u017eice <a href=\"http:\/\/www.bba.si\/ponudba\/kindergarten-mavrica-brezice-slovenia.html\" target=\"_blank\" rel=\"noopener noreferrer\"><img loading=\"lazy\" decoding=\"async\" src=\"https:\/\/www.nombiro.si\/wp-content\/uploads\/nombiro_outlink_icon-1.png\" width=\"14\" height=\"14\" alt=\"Link\"><\/a><\/li>\n<li>Protocol Hall of St. Francis, Koper<\/li>\n<li>Elementary school Lavrica<\/li>\n<li>\u0160kofije Kindergarten \u2013 new construction<\/li>\n<li>Multipurpose hall, Popetre<\/li>\n<li>Biotechnical Faculty \u2013 laboratory renovation, Ljubljana<\/li>\n<li>Center for contemporary arts ROG Ljubljana<\/li>\n<li>Kindergarten Trzin<\/li>\n<li>Sti\u010dna Monastery \u2013 renovation<\/li>\n<li>Rectorate of the University of Primorska<\/li>\n<li>Faculty of Humanities, Koper<\/li>\n<li>Elementary school Slovenska Bistrica \u2013 new construction<\/li>\n<li>Elementary school \u010crni vrh \u2013 extension<\/li>\n<li>Elementary school Ihan \u2013 gym<\/li>\n<li>Elementary school Dob \u2013 extension and adaptation<\/li>\n<li>Elementary school Bistrica ob Sotli \u2013 adaptation<\/li>\n<li>Elementary school Pristava \u2013 extension and adaptation<\/li>\n<li>Kindergarten \u00bbKekec\u00ab, Radomlje \u2013 adaptation<\/li>\n<li>Multipurpose hall, Gra\u010di\u0161\u010de pri Kopru<\/li>\n<li>Old power station Ljubljana, theater room<\/li>\n<li>Faculty of Health Sciences, Izola<\/li>\n<li>Marine biology station, Piran, 2nd phase <\/li>\n<li>Cinema Koper<\/li>\n<\/ul>\n<p>[\/et_pb_text][et_pb_text admin_label=&#8221;Hoteli ter objekti za sprostitev in prosti \u010das&#8221; _builder_version=&#8221;4.16&#8243; background_size=&#8221;initial&#8221; background_position=&#8221;top_left&#8221; background_repeat=&#8221;repeat&#8221; use_border_color=&#8221;off&#8221; border_color=&#8221;#ffffff&#8221; border_style=&#8221;solid&#8221; global_colors_info=&#8221;{}&#8221;]<\/p>\n<h3>Hotels and Facilities for Relaxation and Leisure<\/h3>\n<ul>\n<li>Hotel Barbara, Portoro\u017e<\/li>\n<li>Hotel Ro\u017ea, Portoro\u017e<\/li>\n<li>Villas Park, Bernardin \u2013 installation of cooling<\/li>\n<li>Histrion SPA hotel Bernardin \u2013 reconstruction<\/li>\n<li>Hotel Salinera, Strunjan<\/li>\n<li>Swimming Pool Adria Ankaran<\/li>\n<li>Gym hall Pivka<\/li>\n<li>Sport hall Pod\u010detrtek <a href=\"https:\/\/www.enota.si\/projects\/2017071415505613\/\" target=\"_blank\" rel=\"noopener noreferrer\"><img loading=\"lazy\" decoding=\"async\" src=\"https:\/\/www.nombiro.si\/wp-content\/uploads\/nombiro_outlink_icon-1.png\" alt=\"Link\" width=\"14\" height=\"14\"><\/a><\/li>\n<li>Home of water sports Piran<\/li>\n<li>Hotel Villa Viktorija, Bled<\/li>\n<li>Hotel Palas, Petrovac na moru, Montenegro<\/li>\n<li>Hotel Kastellastva, Petrovac na moru, Montenegro<\/li>\n<li>Hotel Adria, Ankaran<\/li>\n<li>SPA center Lepa Vida \u2013 Soline, Se\u010dovlje<\/li>\n<\/ul>\n<p>[\/et_pb_text][\/et_pb_column][et_pb_column type=&#8221;1_3&#8243; _builder_version=&#8221;4.16&#8243; custom_padding=&#8221;|||&#8221; global_colors_info=&#8221;{}&#8221; custom_padding__hover=&#8221;|||&#8221;][et_pb_text admin_label=&#8221;Poslovni, gospodarski in industrijski objekti&#8221; _builder_version=&#8221;4.27.4&#8243; background_size=&#8221;initial&#8221; background_position=&#8221;top_left&#8221; background_repeat=&#8221;repeat&#8221; use_border_color=&#8221;off&#8221; border_color=&#8221;#ffffff&#8221; border_style=&#8221;solid&#8221; global_colors_info=&#8221;{}&#8221;]<\/p>\n<h3>Business, Commercial, Health and Industrial Buildings<\/h3>\n<ul>\n<li>Business-industrial hall Pov\u0161e metal <a href=\"http:\/\/www.esplanada.si\/si\/projekti\/poslovna-gradnja\/povse-metal\/101\/\" target=\"_blank\" rel=\"noopener noreferrer\"><img loading=\"lazy\" decoding=\"async\" src=\"https:\/\/www.nombiro.si\/wp-content\/uploads\/nombiro_outlink_icon-1.png\" alt=\"Link\" width=\"14\" height=\"14\"><\/a><\/li>\n<li>Medical center De\u010dkova, Celje<\/li>\n<li>Wood processing center, \u0160entrupert<\/li>\n<li>Islamic religious cultural center, Ljubljana<\/li>\n<li>H&amp;M, \u010copova street, Ljubljana<\/li>\n<li>LIDL Rudnik shopping center, Ljubljana<\/li>\n<li>Port of Koper office building \u201cBarka 2\u2033<\/li>\n<li>Mobitel centers (Velenje, Slovenj Gradec, Citypark LJ, Kranj, Maribor, Trbovlje)<\/li>\n<li>Office building Splo\u0161na plovba Portoro\u017e \u2013 renovation<\/li>\n<li>Commercial and residential building, Dragomer, project<\/li>\n<li>Commercial and residential building Dunajski mozaik, Ljubljana <a href=\"http:\/\/www.abiro.net\/mixed-use-building-Mozaik\" target=\"_blank\" rel=\"noopener noreferrer\"><img loading=\"lazy\" decoding=\"async\" src=\"https:\/\/www.nombiro.si\/wp-content\/uploads\/nombiro_outlink_icon-1.png\" alt=\"Link\" width=\"14\" height=\"14\"><\/a><\/li>\n<li>\u0160entilj border crossing, renovation of catering facilities on the entry and exit sides<\/li>\n<li>Border shop at the Gru\u0161kovje border crossing <a href=\"https:\/\/www.enota.si\/projects\/2017071716090407\/\" target=\"_blank\" rel=\"noopener noreferrer\"><img loading=\"lazy\" decoding=\"async\" src=\"https:\/\/www.nombiro.si\/wp-content\/uploads\/nombiro_outlink_icon-1.png\" alt=\"Link\" width=\"14\" height=\"14\"><\/a><\/li>\n<li>Dental clinic Stambold\u017eioski <a href=\"https:\/\/www.enota.si\/projects\/2017071416403330\/\" target=\"_blank\" rel=\"noopener noreferrer\"><img loading=\"lazy\" decoding=\"async\" src=\"https:\/\/www.nombiro.si\/wp-content\/uploads\/nombiro_outlink_icon-1.png\" alt=\"Link\" width=\"14\" height=\"14\"><\/a><\/li>\n<li>Nova Gorica Railway Station <a href=\"https:\/\/www.elea.si\/portfolio\/podhod-na-zelezniski-postaji-nova-gorica\/\" rel=\"noopener noreferrer\"><img loading=\"lazy\" decoding=\"async\" src=\"https:\/\/www.nombiro.si\/wp-content\/uploads\/nombiro_outlink_icon-1.png\" alt=\"Link\" width=\"14\" height=\"14\"><\/a><\/li>\n<\/ul>\n<p>[\/et_pb_text][et_pb_text admin_label=&#8221;Stanovanjski in nastanitveni objekti&#8221; _builder_version=&#8221;4.16&#8243; background_size=&#8221;initial&#8221; background_position=&#8221;top_left&#8221; background_repeat=&#8221;repeat&#8221; use_border_color=&#8221;off&#8221; border_color=&#8221;#ffffff&#8221; border_style=&#8221;solid&#8221; global_colors_info=&#8221;{}&#8221;]<\/p>\n<h3>Residential and Accommodation Facilities<\/h3>\n<ul>\n<li>Facilities in the area of \u200b\u200bthe OPPN \u201cResidential and business area next to the playground in \u0160marje\u201d<\/li>\n<li>Serviced apartments for the elderly Olmo, Koper<\/li>\n<li>Student dormitory Korotan Portoro\u017e \u2013 energy renovation<\/li>\n<li>Apartment building Ribenska 1, Bled <a href=\"https:\/\/www.enota.si\/projects\/2017071415460258\/\" target=\"_blank\" rel=\"noopener noreferrer\"><img loading=\"lazy\" decoding=\"async\" src=\"https:\/\/www.nombiro.si\/wp-content\/uploads\/nombiro_outlink_icon-1.png\" alt=\"Link\" width=\"14\" height=\"14\"><\/a><\/li>\n<li>Apartment building Ribenska 2, Bled <a href=\"https:\/\/www.enota.si\/projects\/2017071415380689\/\" target=\"_blank\" rel=\"noopener noreferrer\"><img loading=\"lazy\" decoding=\"async\" src=\"https:\/\/www.nombiro.si\/wp-content\/uploads\/nombiro_outlink_icon-1.png\" alt=\"Link\" width=\"14\" height=\"14\"><\/a><\/li>\n<li>Residential blocks &#8220;Nad Dolinsko&#8221;, Koper (non-profit housing)<\/li>\n<li>Residential blocks &#8220;Ko\u0161ta&#8221;, Se\u010dovlje (non-profit housing)<\/li>\n<li>&#8220;Semedelski razgledi&#8221; apartment blocks, Koper (apartments for the market)<\/li>\n<li>Apartment tower on Belja\u0161ka Street in Ljubljana<\/li>\n<li>Apartment blocks on Jur\u010dkova cesta in Ljubljana <a href=\"https:\/\/www.enota.si\/projects\/2017071716141368\/\" target=\"_blank\" rel=\"noopener noreferrer\"><img loading=\"lazy\" decoding=\"async\" src=\"https:\/\/www.nombiro.si\/wp-content\/uploads\/nombiro_outlink_icon-1.png\" alt=\"Link\" width=\"14\" height=\"14\"><\/a><\/li>\n<li>Residential development &#8220;Baladur&#8221; in Se\u010da<\/li>\n<li>Residential complex &#8220;Brinje&#8221; Kozina<\/li>\n<\/ul>\n<p>[\/et_pb_text][\/et_pb_column][et_pb_column type=&#8221;1_3&#8243; _builder_version=&#8221;4.16&#8243; custom_padding=&#8221;|||&#8221; global_colors_info=&#8221;{}&#8221; custom_padding__hover=&#8221;|||&#8221;][et_pb_text admin_label=&#8221;Energetika \u2013 obnovljivi viri energije&#8221; _builder_version=&#8221;4.16&#8243; background_size=&#8221;initial&#8221; background_position=&#8221;top_left&#8221; background_repeat=&#8221;repeat&#8221; use_border_color=&#8221;off&#8221; border_color=&#8221;#ffffff&#8221; border_style=&#8221;solid&#8221; global_colors_info=&#8221;{}&#8221;]<\/p>\n<h3>Energetics \u2013 Renewable Energy Sources<\/h3>\n<h6><strong>Higher power heat pumps<\/strong><\/h6>\n<ul>\n<li>AS Koper, investment and maintenance works<\/li>\n<li>Intereuropa Koper<\/li>\n<li>Reconstruction of 15 boiler rooms of public buildings in the Municipality of Koper<\/li>\n<li>Reconstruction of 11 boiler rooms of public buildings in the municipality of Piran<\/li>\n<li>Islamic religious cultural center, Ljubljana<\/li>\n<li>Kindergarten Trzin<\/li>\n<li>Kindergarten Bre\u017eice<\/li>\n<li>Climbing Center Ljubljana<\/li>\n<li>Dominican Monastery Ptuj<\/li>\n<li>Hotel Palas Petrovac na Moru, Montenegro<\/li>\n<\/ul>\n<h6><strong>Biomass boiler plants<\/strong><\/h6>\n<ul>\n<li>District heating Lo\u0161ki Potok<\/li>\n<li>District heating Trebnje<\/li>\n<li>Prisons Dob \u2013 2500kW<\/li>\n<li>Port of Koper \u2013 central boiler room \u2013 1000kW<\/li>\n<li>Student dormitory Korotan Portoro\u017e, energy renovation \u2013 125 kW<\/li>\n<li>Terme Olimia, boiler room reconstruction and fuel change \u2013 2000 kW<\/li>\n<li>Elementary school Cerkvenjak \u2013 250kW<\/li>\n<li>Central boiler house Mojstrana \u2013 400 kW<\/li>\n<li>Energy renovation of Jurklo\u0161ter Elementary School &#8211; switching energy source from gas to pellets<\/li>\n<li>Energy renovation of the Rimske toplice kindergarten &#8211; switching energy from heating oil to pellets<\/li>\n<\/ul>\n<h6><strong>Cogeneration<\/strong><\/h6>\n<ul>\n<li>Prison Dob \u2013 250 kWel + 600 kWheat (wood biomass)<\/li>\n<li>Central boiler room Hru\u0161ica \u2013 50 kW (gas)<\/li>\n<\/ul>\n<h6><strong>Solar Systems<\/strong><\/h6>\n<ul>\n<li>Hotel Slovenska pla\u017ea, Budva, Montenegro<\/li>\n<li>Hotel Kastellastva, Petrovac, Montenegro<\/li>\n<li>Jo\u017eef Stefan Institute \u2013 solar cooling<\/li>\n<li>Kobarid kindergarten \u2013 solar cooling<\/li>\n<li>Forestry and Woodworking High School, Postojna<\/li>\n<li>Elementary school \u0160kofije<\/li>\n<\/ul>\n<p>[\/et_pb_text][et_pb_text admin_label=&#8221;Zasebne hi\u0161e&#8221; _builder_version=&#8221;4.16&#8243; background_size=&#8221;initial&#8221; background_position=&#8221;top_left&#8221; background_repeat=&#8221;repeat&#8221; use_border_color=&#8221;off&#8221; border_color=&#8221;#ffffff&#8221; border_style=&#8221;solid&#8221; global_colors_info=&#8221;{}&#8221;]<\/p>\n<h3>Private Housing<\/h3>\n<ul>\n<li>House Na Golem <a href=\"http:\/\/www.arhitekturakrusec.si\/projekti\/hisa-na-golem\" target=\"_blank\" rel=\"noopener\"><img loading=\"lazy\" decoding=\"async\" src=\"https:\/\/www.nombiro.si\/wp-content\/uploads\/nombiro_outlink_icon-1.png\" alt=\"Link\" width=\"14\" height=\"14\"><\/a><\/li>\n<li>House B1 <a href=\"http:\/\/www.aljosatrebse.si\/projekti\/B1\/projekt.html\" target=\"_blank\" rel=\"noopener noreferrer\"><img loading=\"lazy\" decoding=\"async\" src=\"https:\/\/www.nombiro.si\/wp-content\/uploads\/nombiro_outlink_icon-1.png\" alt=\"Link\" width=\"14\" height=\"14\"><\/a><\/li>\n<li>House F1 <a href=\"http:\/\/www.aljosatrebse.si\/projekti\/F1\/projekt.html\" target=\"_blank\" rel=\"noopener noreferrer\"><img loading=\"lazy\" decoding=\"async\" src=\"https:\/\/www.nombiro.si\/wp-content\/uploads\/nombiro_outlink_icon-1.png\" alt=\"Link\" width=\"14\" height=\"14\"><\/a><\/li>\n<li>House F3 <a href=\"http:\/\/www.aljosatrebse.si\/projekti\/F3\/projekt.html\" target=\"_blank\" rel=\"noopener noreferrer\"><img loading=\"lazy\" decoding=\"async\" src=\"https:\/\/www.nombiro.si\/wp-content\/uploads\/nombiro_outlink_icon-1.png\" alt=\"Link\" width=\"14\" height=\"14\"><\/a><\/li>\n<li>House P1 <a href=\"http:\/\/www.aljosatrebse.si\/projekti\/P1\/projekt.html\" target=\"_blank\" rel=\"noopener noreferrer\"><img loading=\"lazy\" decoding=\"async\" src=\"https:\/\/www.nombiro.si\/wp-content\/uploads\/nombiro_outlink_icon-1.png\" alt=\"Link\" width=\"14\" height=\"14\"><\/a><\/li>\n<\/ul>\n<p>[\/et_pb_text][\/et_pb_column][\/et_pb_row][\/et_pb_section]<\/p>\n","protected":false},"excerpt":{"rendered":"<p>Cultural and Educational Facilities Kindergarten \u0160entjernej 2 Kindergarten \u0160entjernej 1 Kindergarten Brestanica National University Library II Ljubljana Kindergarten and music school Kobarid Kindregarten Bre\u017eice Protocol Hall of St. Francis, Koper Elementary school Lavrica \u0160kofije Kindergarten \u2013 new construction Multipurpose hall, Popetre Biotechnical Faculty \u2013 laboratory renovation, Ljubljana Center for contemporary arts ROG Ljubljana Kindergarten Trzin [&hellip;]<\/p>\n","protected":false},"author":3,"featured_media":0,"parent":0,"menu_order":0,"comment_status":"closed","ping_status":"closed","template":"","meta":{"_et_pb_use_builder":"on","_et_pb_old_content":"<p>[et_pb_section fullwidth=\"on\" specialty=\"off\" transparent_background=\"off\" background_color=\"#cc0000\" inner_shadow=\"off\" parallax=\"off\" parallax_method=\"off\"][et_pb_fullwidth_header admin_label=\"Referen\u010dni projekti\" background_layout=\"dark\" text_orientation=\"center\" title=\"Referen\u010dni projekti\" subhead=\"V 15 letih na\u0161ega delovanja se je nanizalo veliko \u0161tevilo uspe\u0161no zaklju\u010denih projektov. Poleg spodaj na\u0161tetih smo izdelali \u0161e mnogo manj\u0161ih projektov za stanovanjske hi\u0161e, gostinske lokale, trgovske lokale, bencinske \u010drpalke in druge objekte.\" \/][\/et_pb_section][et_pb_section fullwidth=\"on\" specialty=\"off\"][et_pb_fullwidth_portfolio admin_label=\"Vrtiljak referen\u010dnih projektov\" fullwidth=\"on\" include_categories=\"3\" show_title=\"on\" show_date=\"off\" background_layout=\"light\" auto=\"on\" \/][\/et_pb_section][et_pb_section][et_pb_row][et_pb_column type=\"1_3\"][et_pb_text admin_label=\"Kulturno izobra\u017eevalni objekti\" background_layout=\"light\" text_orientation=\"left\"]<\/p><h3>Kulturno izobra\u017eevalni objekti<\/h3><ul><li>NUK II Ljubljana<\/li><li>Vrtec in glasbena \u0161ola Kobarid<\/li><li>Vrtec Bre\u017eice<\/li><li>Protokolarna dvorana Sveti Fran\u010di\u0161ek, Koper<\/li><li>O\u0160 Lavrica<\/li><li>Vrtec \u0160kofije \u2013 nova gradnja<\/li><li>Ve\u010dnamenska dvorana, Popetre<\/li><li>Biotehni\u0161ka fakulteta \u2013 prenova laboratorijev, Ljubljana<\/li><li>Center sodobnih umetnosti ROG Ljubljana, projekt<\/li><li>Vrtec Trzin<\/li><li>Samostan Sti\u010dna \u2013 prenova<\/li><li>Rektorat Univerze na Primorskem<\/li><li>Fakulteta za humanisti\u010dne \u0161tudije, Koper<\/li><li>O\u0160 Slovenska Bistrica \u2013 novogradnja<\/li><li>O\u0160 \u010crni vrh \u2013 prizidek<\/li><li>O\u0160 Ihan \u2013 telovadnica<\/li><li>O\u0160 Dob \u2013 prizidek in adaptacija<\/li><li>O\u0160 Bistrica ob Sotli \u2013 adaptacija<\/li><li>O\u0160 Pristava \u2013 adaptacija in prizidek<\/li><li>Vrtec \u00bbKekec\u00ab, Radomlje \u2013 adaptacija<\/li><li>Ve\u010dnamenska dvorana, Gra\u010di\u0161\u010de pri Kopru<\/li><li>Stara mestna elektrarna Ljubljana, gledali\u0161ki prostor<\/li><li>Visoka \u0161ola za zdravstvo, Izola<\/li><li>Morska biolo\u0161ka postaja, Piran, II. faza<\/li><li>Kino Koper<\/li><\/ul><p>[\/et_pb_text][et_pb_text admin_label=\"Hoteli ter objekti za sprostitev in prosti \u010das\" background_layout=\"light\" text_orientation=\"left\"]<\/p><h3>Hoteli ter objekti za sprostitev in prosti \u010das<\/h3><ul><li>Hotel Barbara, Portoro\u017e<\/li><li>Hotel Ro\u017ea, Portoro\u017e<\/li><li>Vile Park, Bernardin \u2013 ureditev hlajenja<\/li><li>Histrion SPA hotel Bernardin \u2013 rekonstrukcija<\/li><li>Hotel Salinera, Strunjan<\/li><li>Bazen Adria Ankaran<\/li><li>Telovadnica Pivka<\/li><li>\u0160portna dvorana Pod\u010detrtek<\/li><li>Dom vodnih \u0161portov Piran<\/li><li>Hotel Vila Viktorija, Bled<\/li><li>Hotel Palas, Petrovac na moru, \u010crna Gora<\/li><li>Hotel Kastellastva, Petrovac na moru, \u010crna gora<\/li><li>Hotel Adria Ankaran<\/li><li>SPA center Lepa Vida \u2013 Soline Se\u010dovlje<\/li><\/ul><p>[\/et_pb_text][\/et_pb_column][et_pb_column type=\"1_3\"][et_pb_text admin_label=\"Poslovni, gospodarski in industrijski objekti\" background_layout=\"light\" text_orientation=\"left\"]<\/p><h3>Poslovni, gospodarski in industrijski objekti<\/h3><ul><li>Lesno predelovalni center, \u0160entrupert<\/li><li>Islamski versko kulturni center Ljubljana (d\u017eamija)<\/li><li>H&M, \u010copova ulica Ljubljana<\/li><li>Trgovski objekt LIDL Rudnik, Ljubljana<\/li><li>Poslovna stavba Luke Koper \u201cBarka 2\u2033<\/li><li>Mobitel centri (Velenje, Slovenj Gradec, Citypark LJ, Kranj, Maribor, Trbovlje)<\/li><li>Poslovna stavba Splo\u0161na plovba Portoro\u017e \u2013 prenova<\/li><li>Poslovno stanovanjski objekt, Dragomer, projekt<\/li><li>Poslovno stanovanjski objekt Dunajski mozaik, Ljubljana<\/li><li>Mejni prehod \u0160entilj, prenova gostinskih objektov na vstopni in izstopni strani<\/li><li>Obmejna trgovina na mejnem prehodu Gru\u0161kovje<\/li><\/ul><p>[\/et_pb_text][et_pb_text admin_label=\"Stanovanjski in nastanitveni objekti\" background_layout=\"light\" text_orientation=\"left\"]<\/p><h3>Stanovanjski in nastanitveni objekti<\/h3><ul><li>Objekti na obmo\u010dju OPPN \u201cStanovanjsko poslovno obmo\u010dje ob igri\u0161\u010du v \u0160marjah\u201d<\/li><li>Oskrbovana stanovanja za starej\u0161e Olmo, Koper<\/li><li>\u0160tudentski dom Korotan Portoro\u017e \u2013 energetska sanacija<\/li><li>Ve\u010dstanovanjski objekt Ribenska 1, Bled<\/li><li>Ve\u010dstanovanjski objekt Ribenska 2, Bled<\/li><li>Stanovanjski bloki \u00bbNad Dolinsko\u00ab, Koper (neprofitna stanovanja)<\/li><li>Stanovanjska bloka \u00bbKo\u0161ta\u00ab, Se\u010dovlje (neprofitna stanovanja)<\/li><li>Stanovanjski bloki \u00bbSemedelski razgledi\u00ab, Koper (stanovanja za trg)<\/li><li>Stanovanjski stolpi\u010d na Belja\u0161ki ulici v Ljubljani<\/li><li>Stanovanjski bloki na Jur\u010dkovi cesti v Ljubljani<\/li><li>Stanovanjska zazidava \u00bbBaladur\u00ab v Se\u010di<\/li><li>Stanovanjsko naselje \u00bbBrinje\u00ab Kozina<\/li><\/ul><p>[\/et_pb_text][\/et_pb_column][et_pb_column type=\"1_3\"][et_pb_text admin_label=\"Energetika \u2013 obnovljivi viri energije\" background_layout=\"light\" text_orientation=\"left\"]<\/p><h3>Energetika \u2013 obnovljivi viri energije<\/h3><p>\u00a0<\/p><h6><strong>Toplotne \u010drpalke ve\u010djih mo\u010di<\/strong><\/h6><ul><li>Rekonstrukcija 15-ih kotlarn javnih objektov v Mestni ob\u010dini Koper<\/li><li>Rekonstrukcija 11-ih kotlarn javnih objektov v ob\u010dini Piran<\/li><li>Islamski versko kulturni center Ljubljana (d\u017eamija)<\/li><li>Vrtec Trzin<\/li><li>Vrtec Bre\u017eice<\/li><li>LIDL Rudnik, Ljubljana<\/li><li>Plezalni center Ljubljana<\/li><li>Dominikanski samostan Ptuj<\/li><li>Hotel Palas Petrovac na moru, \u010crna Gora<\/li><\/ul><h6><strong>Kotlarne na biomaso<\/strong><\/h6><ul><li>Zapori Dob \u2013 2500kW<\/li><li>Luka Koper \u2013 centralna kotlovnica \u2013 1000kW<\/li><li>\u0160tudentski dom Korotan Portoro\u017e, energetska sanacija \u2013 125 kW<\/li><li>Terme Olimia, rekonstrukcija kotlarne in zamenjava goriva \u2013 2000 kW<\/li><li>O\u0160 Cerkvenjak \u2013 250kW<\/li><li>Centralna kotlovnica Mojstrana \u2013 400 kW<\/li><li>Energetska prenova O\u0160 Jurklo\u0161ter \u2013 zamenjava energenta iz plina na pelete<\/li><li>Energetska prenova vrtca Rimske toplice \u2013 zamenjava energenta iz kurilnega olja na pelete<\/li><\/ul><h6><strong>Kogeneracija<\/strong><\/h6><ul><li>Zapori Dob \u2013 250 kWel + 600 kWtopl (lesna biomasa)<\/li><li>Centralna kotlovnica Hru\u0161ica \u2013 50 kW (plin)<\/li><\/ul><h6><strong>Solarni sistemi<\/strong><\/h6><ul><li>Hotel Slovenska pla\u017ea Budva \u010crna gora<\/li><li>Hotel Kastellastva Petrovac \u010crna gora<\/li><li>Institut Jo\u017eef Stefan \u2013 solarno hlajenje<\/li><li>Vrtec Kobarid \u2013 solarno hlajenje<\/li><li>SGL\u0160 Postojna<\/li><li>O\u0160 \u0160kofije<\/li><\/ul><p>[\/et_pb_text][\/et_pb_column][\/et_pb_row][\/et_pb_section]<\/p>","_et_gb_content_width":"","footnotes":""},"class_list":["post-670","page","type-page","status-publish","hentry"],"_links":{"self":[{"href":"https:\/\/www.nombiro.si\/en\/wp-json\/wp\/v2\/pages\/670","targetHints":{"allow":["GET"]}}],"collection":[{"href":"https:\/\/www.nombiro.si\/en\/wp-json\/wp\/v2\/pages"}],"about":[{"href":"https:\/\/www.nombiro.si\/en\/wp-json\/wp\/v2\/types\/page"}],"author":[{"embeddable":true,"href":"https:\/\/www.nombiro.si\/en\/wp-json\/wp\/v2\/users\/3"}],"replies":[{"embeddable":true,"href":"https:\/\/www.nombiro.si\/en\/wp-json\/wp\/v2\/comments?post=670"}],"version-history":[{"count":51,"href":"https:\/\/www.nombiro.si\/en\/wp-json\/wp\/v2\/pages\/670\/revisions"}],"predecessor-version":[{"id":3170,"href":"https:\/\/www.nombiro.si\/en\/wp-json\/wp\/v2\/pages\/670\/revisions\/3170"}],"wp:attachment":[{"href":"https:\/\/www.nombiro.si\/en\/wp-json\/wp\/v2\/media?parent=670"}],"curies":[{"name":"wp","href":"https:\/\/api.w.org\/{rel}","templated":true}]}}